{"id":486,"date":"2020-12-22T00:31:43","date_gmt":"2020-12-21T23:31:43","guid":{"rendered":"http:\/\/obwodnicalegnicydk94.pl\/?page_id=486"},"modified":"2021-12-06T20:26:31","modified_gmt":"2021-12-06T19:26:31","slug":"spotkanie-informacyjne","status":"publish","type":"page","link":"http:\/\/dk28nowysacz-ropa.pl\/index.php\/spotkanie-informacyjne\/","title":{"rendered":"Obowi\u0105zek informacyjny"},"content":{"rendered":"\n<h2 class=\"wp-block-heading\">Informacje<\/h2>\n\n\n\n<p>Jednym z obowi\u0105zk\u00f3w wykonawcy jest organizacja i udzia\u0142 w spotkaniach oraz dzia\u0142aniach informacyjnych (z przedstawicielami w\u0142adz samorz\u0105dowych, mieszka\u0144cami teren\u00f3w, na kt\u00f3rych zlokalizowana jest inwestycja i innymi zainteresowanymi stronami) oraz konsultacjach spo\u0142ecznych.<\/p>\n\n\n\n<p>Konsultacje spo\u0142eczne polegaj\u0105 na przygotowaniu programu i przeprowadzeniu spotka\u0144 informacyjnych dla mieszka\u0144c\u00f3w teren\u00f3w le\u017c\u0105cych w zasi\u0119gu analizowanych wariant\u00f3w drogi wraz z dokumentacj\u0105 faktograficzn\u0105, list\u0105 zg\u0142aszanych uwag (sytuacji konfliktowych) i map\u0105 zadowolenia\/niezadowolenia spo\u0142ecznego.<\/p>\n\n\n\n<p>Celem konsultacji jest poinformowanie lokalnej spo\u0142eczno\u015bci oraz wszystkich zainteresowanych (np. organizacji ekologicznych) o planowanym przedsi\u0119wzi\u0119ciu. Wnioski z konsultacji mog\u0105 spowodowa\u0107 konieczno\u015b\u0107 korekt w planowanych rozwi\u0105zaniach. O wprowadzeniu korekt decydowa\u0107 b\u0119dzie ka\u017cdorazowo Zmawiaj\u0105cy po szczeg\u00f3\u0142owej analizie wniosk\u00f3w przez Wykonawc\u0119.<\/p>\n\n\n\n<p>Spotkania informacyjne zostan\u0105 przeprowadzone na obszarze ka\u017cdej gminy, przez tereny kt\u00f3rej przechodz\u0105 analizowane warianty trasy. Przewiduje si\u0119 w zale\u017cno\u015bci od potrzeb organizacj\u0119 min. 1 spotkania na gmin\u0119 na etapie I STE\u015a i min. 1 na etapie KP. Ponadto zostanie dokona prezentacja projektu oraz udzielona informacja na spotkaniach zorganizowanych przez Regionaln\u0105 Dyrekcj\u0119 Ochrony \u015arodowiska w ramach konsultacji spo\u0142ecznych na etapie post\u0119powania w sprawie wydania decyzji \u015brodowiskowej.<\/p>\n","protected":false},"excerpt":{"rendered":"<p>Informacje Jednym z obowi\u0105zk\u00f3w wykonawcy jest organizacja i udzia\u0142 w spotkaniach oraz dzia\u0142aniach informacyjnych (z przedstawicielami w\u0142adz samorz\u0105dowych, mieszka\u0144cami teren\u00f3w, na kt\u00f3rych zlokalizowana jest inwestycja i innymi zainteresowanymi stronami) oraz konsultacjach spo\u0142ecznych. Konsultacje spo\u0142eczne polegaj\u0105 na przygotowaniu programu i przeprowadzeniu spotka\u0144 informacyjnych dla mieszka\u0144c\u00f3w teren\u00f3w le\u017c\u0105cych w zasi\u0119gu analizowanych wariant\u00f3w drogi wraz z dokumentacj\u0105 faktograficzn\u0105, list\u0105 zg\u0142aszanych uwag (sytuacji konfliktowych) i map\u0105 zadowolenia\/niezadowolenia spo\u0142ecznego. Celem konsultacji jest poinformowanie lokalnej spo\u0142eczno\u015bci&hellip;<\/p>\n","protected":false},"author":1,"featured_media":0,"parent":0,"menu_order":0,"comment_status":"closed","ping_status":"closed","template":"","meta":{"footnotes":""},"class_list":["post-486","page","type-page","status-publish","hentry"],"_links":{"self":[{"href":"http:\/\/dk28nowysacz-ropa.pl\/index.php\/wp-json\/wp\/v2\/pages\/486","targetHints":{"allow":["GET"]}}],"collection":[{"href":"http:\/\/dk28nowysacz-ropa.pl\/index.php\/wp-json\/wp\/v2\/pages"}],"about":[{"href":"http:\/\/dk28nowysacz-ropa.pl\/index.php\/wp-json\/wp\/v2\/types\/page"}],"author":[{"embeddable":true,"href":"http:\/\/dk28nowysacz-ropa.pl\/index.php\/wp-json\/wp\/v2\/users\/1"}],"replies":[{"embeddable":true,"href":"http:\/\/dk28nowysacz-ropa.pl\/index.php\/wp-json\/wp\/v2\/comments?post=486"}],"version-history":[{"count":4,"href":"http:\/\/dk28nowysacz-ropa.pl\/index.php\/wp-json\/wp\/v2\/pages\/486\/revisions"}],"predecessor-version":[{"id":2418,"href":"http:\/\/dk28nowysacz-ropa.pl\/index.php\/wp-json\/wp\/v2\/pages\/486\/revisions\/2418"}],"wp:attachment":[{"href":"http:\/\/dk28nowysacz-ropa.pl\/index.php\/wp-json\/wp\/v2\/media?parent=486"}],"curies":[{"name":"wp","href":"https:\/\/api.w.org\/{rel}","templated":true}]}}