{"id":415,"date":"2020-12-21T22:38:13","date_gmt":"2020-12-21T21:38:13","guid":{"rendered":"http:\/\/obwodnicalegnicydk94.pl\/?page_id=415"},"modified":"2021-07-02T23:53:51","modified_gmt":"2021-07-02T21:53:51","slug":"harmonogram","status":"publish","type":"page","link":"http:\/\/dk28nowysacz-ropa.pl\/index.php\/harmonogram\/","title":{"rendered":"Harmonogram &#8211; DK28 Ropa"},"content":{"rendered":"\n<h2 class=\"has-text-align-center wp-block-heading\">Harmonogram inwestycji<\/h2>\n\n\n\n<p><strong>ETAP I:<\/strong><\/p>\n\n\n\n<p>Opracowanie kompleksowej dokumentacji do uzyskania decyzji ZRID oraz wykonanie projekt\u00f3w wykonawczych.<\/p>\n\n\n\n<p><strong>ETAP II:<\/strong><\/p>\n\n\n\n<p>Wykonanie czynno\u015bci i opracowanie dokumentacji zwi\u0105zanych z gospodarowaniem nieruchomo\u015bciami po uzyskaniu decyzji ZRID.<\/p>\n\n\n\n<p><strong>ETAP III:<\/strong><\/p>\n\n\n\n<p>Udzielenie odpowiedzi na pytania Oferent\u00f3w na etapie procedury przetargowej na realizacj\u0119 inwestycji.<\/p>\n\n\n\n<p><strong>ETAP IV:<\/strong><\/p>\n\n\n\n<p>Sprawowanie nadzoru autorskiego nad realizacj\u0105 przedsi\u0119wzi\u0119cia.<\/p>\n\n\n\n<p><\/p>\n\n\n\n<table id=\"tablepress-2\" class=\"tablepress tablepress-id-2 tablepress-responsive tbody-has-connected-cells\">\n<tbody class=\"row-hover\">\n<tr class=\"row-1\">\n\t<td class=\"column-1\"><center><strong>HARMONOGRAM<\/strong><\/center><\/td><td class=\"column-2\"><center><strong>TERMIN UMOWNY <\/strong><\/center><\/td><td class=\"column-3\"><center><strong>DATA<\/strong><\/center><\/td>\n<\/tr>\n<tr class=\"row-2\">\n\t<td class=\"column-1\">ETAP I<\/td><td class=\"column-2\">do 29 miesi\u0119cy od podpisania umowy <\/td><td class=\"column-3\">do 22.06.2023<\/td>\n<\/tr>\n<tr class=\"row-3\">\n\t<td class=\"column-1\">ETAP II*<\/td><td class=\"column-2\">15 miesi\u0119cy od uzyskania ostatecznej decyzji ZRID<\/td><td class=\"column-3\">do 22.09.2024 **<br \/>\n<\/td>\n<\/tr>\n<tr class=\"row-4\">\n\t<td class=\"column-1\">ETAP III*<\/td><td class=\"column-2\">6 miesi\u0119cy<\/td><td class=\"column-3\">do 22.12.2023 **<\/td>\n<\/tr>\n<tr class=\"row-5\">\n\t<td class=\"column-1\">ETAP IV*<\/td><td class=\"column-2\">44 miesi\u0105ce od momentu przekazania placu budowy<\/td><td class=\"column-3\">do 22.08.2027 **<\/td>\n<\/tr>\n<tr class=\"row-6\">\n\t<td class=\"column-1\"><\/td><td class=\"column-2\"><\/td><td class=\"column-3\"><\/td>\n<\/tr>\n<tr class=\"row-7\">\n\t<td class=\"column-1\"><\/td><td colspan=\"2\" class=\"column-2\">* terminy etapu II, III i IV s\u0105 terminami szacunkowymi i zale\u017c\u0105 od okres\u00f3w procedury przetargowej oraz realizacji rob\u00f3t budowlanych <\/td>\n<\/tr>\n<tr class=\"row-8\">\n\t<td class=\"column-1\"><\/td><td colspan=\"2\" class=\"column-2\">** szacowana data<\/td>\n<\/tr>\n<\/tbody>\n<\/table>\n<!-- #tablepress-2 from cache -->\n","protected":false},"excerpt":{"rendered":"<p>Harmonogram inwestycji ETAP I: Opracowanie kompleksowej dokumentacji do uzyskania decyzji ZRID oraz wykonanie projekt\u00f3w wykonawczych. ETAP II: Wykonanie czynno\u015bci i opracowanie dokumentacji zwi\u0105zanych z gospodarowaniem nieruchomo\u015bciami po uzyskaniu decyzji ZRID. ETAP III: Udzielenie odpowiedzi na pytania Oferent\u00f3w na etapie procedury przetargowej na realizacj\u0119 inwestycji. ETAP IV: Sprawowanie nadzoru autorskiego nad realizacj\u0105 przedsi\u0119wzi\u0119cia.<\/p>\n","protected":false},"author":1,"featured_media":0,"parent":0,"menu_order":0,"comment_status":"closed","ping_status":"closed","template":"","meta":{"footnotes":""},"class_list":["post-415","page","type-page","status-publish","hentry"],"_links":{"self":[{"href":"http:\/\/dk28nowysacz-ropa.pl\/index.php\/wp-json\/wp\/v2\/pages\/415","targetHints":{"allow":["GET"]}}],"collection":[{"href":"http:\/\/dk28nowysacz-ropa.pl\/index.php\/wp-json\/wp\/v2\/pages"}],"about":[{"href":"http:\/\/dk28nowysacz-ropa.pl\/index.php\/wp-json\/wp\/v2\/types\/page"}],"author":[{"embeddable":true,"href":"http:\/\/dk28nowysacz-ropa.pl\/index.php\/wp-json\/wp\/v2\/users\/1"}],"replies":[{"embeddable":true,"href":"http:\/\/dk28nowysacz-ropa.pl\/index.php\/wp-json\/wp\/v2\/comments?post=415"}],"version-history":[{"count":3,"href":"http:\/\/dk28nowysacz-ropa.pl\/index.php\/wp-json\/wp\/v2\/pages\/415\/revisions"}],"predecessor-version":[{"id":1590,"href":"http:\/\/dk28nowysacz-ropa.pl\/index.php\/wp-json\/wp\/v2\/pages\/415\/revisions\/1590"}],"wp:attachment":[{"href":"http:\/\/dk28nowysacz-ropa.pl\/index.php\/wp-json\/wp\/v2\/media?parent=415"}],"curies":[{"name":"wp","href":"https:\/\/api.w.org\/{rel}","templated":true}]}}