{"id":342,"date":"2020-12-20T17:31:31","date_gmt":"2020-12-20T16:31:31","guid":{"rendered":"http:\/\/obwodnicalegnicydk94.pl\/?page_id=342"},"modified":"2021-07-02T23:14:43","modified_gmt":"2021-07-02T21:14:43","slug":"nazwa-zadania","status":"publish","type":"page","link":"http:\/\/dk28nowysacz-ropa.pl\/index.php\/nazwa-zadania\/","title":{"rendered":"Przedmiot Inwestycji &#8211; DK28 Ropa"},"content":{"rendered":"\n<h2 class=\"has-text-align-center wp-block-heading\"><strong>PRZEDMIOT INWESTYCJI<\/strong><\/h2>\n\n\n\n<p><strong>Przedmiot inwestycji:<\/strong><\/p>\n\n\n\n<p>IVIA S.A. na zlecenie Skarbu Pa\u0144stwa \u2013 Generalnej Dyrekcji Dr\u00f3g Krajowych i Autostrad reprezentowan\u0105 przez Oddzia\u0142 w Krakowie opracowuje kompleksow\u0105 dokumentacj\u0119 projektow\u0105 dla zadania \u201eRozbudowa drogi krajowej nr 28 na odcinku Nowy S\u0105cz \u2013 Ropa\u201d wraz z uzyskaniem decyzji administracyjnych i sprawowaniem nadzoru autorskiego.<\/p>\n\n\n\n<p>Zakres prac projektowanych obejmuje:<\/p>\n\n\n\n<ul class=\"wp-block-list\"><li>Opracowania geodezyjno-kartograficzne;<\/li><li>Wielowariantow\u0105 Koncepcj\u0119 Programow\u0105 (KP);<\/li><li>Opracowania \u015brodowiskowe, w tym uzyskanie decyzji o \u015brodowiskowych uwarunkowaniach;<\/li><li>Opracowania geotechniczne i geologiczne;<\/li><li>Wielobran\u017cowy projekt budowlany (PB);<\/li><li>Uzyskanie decyzji zgody na realizacj\u0119 inwestycji drogowej (ZRID);<\/li><li>Wykonanie projekt\u00f3w wykonawczych (PW);<\/li><li>Wykonanie Dokumentacji Przetargowej (DP) do og\u0142oszenia przetargu na realizacj\u0119 inwestycji w terenie.<\/li><\/ul>\n\n\n\n<p>\u201eRozbudowa drogi krajowej nr 28 na odcinku Nowy S\u0105cz \u2013 Ropa\u201d (odc. od km 142+070-166+286)<\/p>\n\n\n\n<p>Inwestycja zlokalizowana jest w wojew\u00f3dztwie ma\u0142opolskim na terenie powiatu nowos\u0105deckiego i gorlickiego, w gminach: Che\u0142miec, Kamionka Wielka, Gryb\u00f3w i Ropa.<\/p>\n\n\n\n<p>D\u0142ugo\u015b\u0107 odcinka ok. 24,21 km.<\/p>\n\n\n\n<p><strong>Cel i zak\u0142adany efekt zadania inwestycyjnego:<\/strong><\/p>\n\n\n\n<ul class=\"wp-block-list\"><li>Podniesienie parametr\u00f3w no\u015bno\u015bci drogi;<\/li><li>Poprawa warunk\u00f3w ruchu na drodze;<\/li><li>Poprawa bezpiecze\u0144stwa pieszych i uczestnik\u00f3w ruchu drogowego;<\/li><li>Usprawnienie po\u0142\u0105cze\u0144 komunikacyjnych poprzez rozbudow\u0119 i przebudow\u0119 skrzy\u017cowa\u0144 z drogami publicznymi;<\/li><li>Zmniejszenie oddzia\u0142ywania drogi krajowej na \u015brodowisko.<\/li><\/ul>\n","protected":false},"excerpt":{"rendered":"<p>PRZEDMIOT INWESTYCJI Przedmiot inwestycji: IVIA S.A. na zlecenie Skarbu Pa\u0144stwa \u2013 Generalnej Dyrekcji Dr\u00f3g Krajowych i Autostrad reprezentowan\u0105 przez Oddzia\u0142 w Krakowie opracowuje kompleksow\u0105 dokumentacj\u0119 projektow\u0105 dla zadania \u201eRozbudowa drogi krajowej nr 28 na odcinku Nowy S\u0105cz \u2013 Ropa\u201d wraz z uzyskaniem decyzji administracyjnych i sprawowaniem nadzoru autorskiego. Zakres prac projektowanych obejmuje: Opracowania geodezyjno-kartograficzne; Wielowariantow\u0105 Koncepcj\u0119 Programow\u0105 (KP); Opracowania \u015brodowiskowe, w tym uzyskanie decyzji o \u015brodowiskowych uwarunkowaniach; Opracowania geotechniczne i&hellip;<\/p>\n","protected":false},"author":1,"featured_media":0,"parent":0,"menu_order":0,"comment_status":"closed","ping_status":"closed","template":"","meta":{"footnotes":""},"class_list":["post-342","page","type-page","status-publish","hentry"],"_links":{"self":[{"href":"http:\/\/dk28nowysacz-ropa.pl\/index.php\/wp-json\/wp\/v2\/pages\/342","targetHints":{"allow":["GET"]}}],"collection":[{"href":"http:\/\/dk28nowysacz-ropa.pl\/index.php\/wp-json\/wp\/v2\/pages"}],"about":[{"href":"http:\/\/dk28nowysacz-ropa.pl\/index.php\/wp-json\/wp\/v2\/types\/page"}],"author":[{"embeddable":true,"href":"http:\/\/dk28nowysacz-ropa.pl\/index.php\/wp-json\/wp\/v2\/users\/1"}],"replies":[{"embeddable":true,"href":"http:\/\/dk28nowysacz-ropa.pl\/index.php\/wp-json\/wp\/v2\/comments?post=342"}],"version-history":[{"count":5,"href":"http:\/\/dk28nowysacz-ropa.pl\/index.php\/wp-json\/wp\/v2\/pages\/342\/revisions"}],"predecessor-version":[{"id":1561,"href":"http:\/\/dk28nowysacz-ropa.pl\/index.php\/wp-json\/wp\/v2\/pages\/342\/revisions\/1561"}],"wp:attachment":[{"href":"http:\/\/dk28nowysacz-ropa.pl\/index.php\/wp-json\/wp\/v2\/media?parent=342"}],"curies":[{"name":"wp","href":"https:\/\/api.w.org\/{rel}","templated":true}]}}