{"id":1426,"date":"2020-12-21T23:58:01","date_gmt":"2020-12-21T22:58:01","guid":{"rendered":"http:\/\/obwodnicalegnicydk94.pl\/?page_id=468"},"modified":"2021-12-06T20:43:16","modified_gmt":"2021-12-06T19:43:16","slug":"schemat-przebiegu-drogi-2","status":"publish","type":"page","link":"http:\/\/dk28nowysacz-ropa.pl\/index.php\/schemat-przebiegu-drogi-2\/","title":{"rendered":"Orientacja &#8211; DK28 Ropa"},"content":{"rendered":"\n<h2 class=\"has-text-align-center wp-block-heading\">Orientacja<\/h2>\n\n\n\n<div id=\"section-g35b599\" class=\"wp-block-gutentor-e1 section-g35b599 gutentor-element gutentor-element-advanced-text text-align-center-desktop\"><div class=\"gutentor-text-wrap\"><p class=\"gutentor-text\">(Uwaga: du\u017cy rozmiar pliku &#8211; wczytywanie mo\u017ce potrwa\u0107 kilka sekund)<\/p><\/div><\/div>\n\n\n\n<div data-wp-interactive=\"core\/file\" class=\"wp-block-file\"><object data-wp-bind--hidden=\"!state.hasPdfPreview\" hidden class=\"wp-block-file__embed\" data=\"http:\/\/dk28nowysacz-ropa.pl\/wp-content\/uploads\/2021\/07\/DK28_Orientacja-0.pdf\" type=\"application\/pdf\" style=\"width:100%;height:600px\" aria-label=\"Osadzone z Osadzone z Orientacja DK28..\"><\/object><a href=\"http:\/\/dk28nowysacz-ropa.pl\/wp-content\/uploads\/2021\/07\/DK28_Orientacja-0.pdf\">Orientacja DK28<\/a><a href=\"http:\/\/dk28nowysacz-ropa.pl\/wp-content\/uploads\/2021\/07\/DK28_Orientacja-0.pdf\" class=\"wp-block-file__button\" download>Pobierz<\/a><\/div>\n","protected":false},"excerpt":{"rendered":"<p>Orientacja<\/p>\n","protected":false},"author":1,"featured_media":0,"parent":0,"menu_order":0,"comment_status":"closed","ping_status":"closed","template":"","meta":{"footnotes":""},"class_list":["post-1426","page","type-page","status-publish","hentry"],"_links":{"self":[{"href":"http:\/\/dk28nowysacz-ropa.pl\/index.php\/wp-json\/wp\/v2\/pages\/1426","targetHints":{"allow":["GET"]}}],"collection":[{"href":"http:\/\/dk28nowysacz-ropa.pl\/index.php\/wp-json\/wp\/v2\/pages"}],"about":[{"href":"http:\/\/dk28nowysacz-ropa.pl\/index.php\/wp-json\/wp\/v2\/types\/page"}],"author":[{"embeddable":true,"href":"http:\/\/dk28nowysacz-ropa.pl\/index.php\/wp-json\/wp\/v2\/users\/1"}],"replies":[{"embeddable":true,"href":"http:\/\/dk28nowysacz-ropa.pl\/index.php\/wp-json\/wp\/v2\/comments?post=1426"}],"version-history":[{"count":5,"href":"http:\/\/dk28nowysacz-ropa.pl\/index.php\/wp-json\/wp\/v2\/pages\/1426\/revisions"}],"predecessor-version":[{"id":2442,"href":"http:\/\/dk28nowysacz-ropa.pl\/index.php\/wp-json\/wp\/v2\/pages\/1426\/revisions\/2442"}],"wp:attachment":[{"href":"http:\/\/dk28nowysacz-ropa.pl\/index.php\/wp-json\/wp\/v2\/media?parent=1426"}],"curies":[{"name":"wp","href":"https:\/\/api.w.org\/{rel}","templated":true}]}}